{"id":3656,"date":"2018-09-15T03:57:09","date_gmt":"2018-09-15T03:57:09","guid":{"rendered":"https:\/\/andreamiriello.com\/\/\/?page_id=3656"},"modified":"2023-10-02T08:23:06","modified_gmt":"2023-10-02T08:23:06","slug":"privacy-policy","status":"publish","type":"page","link":"https:\/\/andreamiriello.com\/it\/privacy-policy\/","title":{"rendered":"PRIVACY POLICY"},"content":{"rendered":"<div class=\"wpb-content-wrapper\"><p>[vc_row][vc_column][vc_column_text]<\/p>\n<p class=\"p1\"><span class=\"s1\"><b>INFORMATIVA PRIVACY ai sensi del Regolamento UE 2016\/679<\/b><\/span><\/p>\n<p class=\"p1\"><span class=\"s1\">Con il presente documento la informo sulle modalit\u00e0 di trattamento dei dati personali effettuato con qualsiasi modalit\u00e0 (automatizzata o manuale), nel rispetto della tutela e dei diritti riconosciuti dal Regolamento (UE) 2016\/679 (di seguito, \u201cGDPR\u201d o \u201cRegolamento\u201d) e dalle ulteriori norme applicabili in tema di protezione dei dati personali.<\/span><\/p>\n<p class=\"p1\"><span class=\"s1\">Con il termine dati personali si fa riferimento alla definizione contenuta nell\u2019art. 4 del Regolamento, ossia \u201cqualsiasi informazione riguardante una persona fisica identificata o identificabile; si considera identificabile la persona fisica che pu\u00f2 essere identificata, direttamente o indirettamente, con particolare riferimento a un identificativo come il nome, un numero di identificazione, dati relativi all\u2019ubicazione, un identificativo online o a uno o pi\u00f9 elementi caratteristici della sua identit\u00e0 fisica, fisiologica, genetica, psichica, economica, culturale o sociale\u201d (\u201cDati Personali\u201d). Il Regolamento prevede che, prima di procedere al trattamento di Dati, <\/span><span class=\"s2\">\u00e8<\/span><span class=\"s1\"> necessario che la persona a cui tali Dati Personali appartengono sia informata circa i motivi e le modalit\u00e0 di trattamento. La presente Informativa ha lo scopo di fornirle, in maniera semplice e trasparente, tutte le informazioni utili e necessarie affinch\u00e9 lei possa conferire i suoi Dati Personali in modo consapevole ed informato. In qualsiasi momento, pu\u00f2 richiedere ed ottenere chiarimenti o rettifiche.<\/span><\/p>\n<p class=\"p1\"><strong><span class=\"s1\">TITOLARE DEL TRATTAMENTO E CONTATTI<\/span><\/strong><\/p>\n<p class=\"p1\"><span class=\"s1\">Dott. Andrea Miriello <\/span><\/p>\n<p class=\"p1\"><span class=\"s1\">Via Pauliana, 12<\/span><\/p>\n<p class=\"p1\"><span class=\"s1\">34134 \u2013 Trieste (Italia)<\/span><\/p>\n<p class=\"p1\"><span class=\"s1\">P.IVA 01256360320<\/span><\/p>\n<p class=\"p1\"><span class=\"s1\">info@andreamiriello.com<\/span><\/p>\n<p class=\"p1\"><span class=\"s1\">+39 3492119511<\/span><\/p>\n<p class=\"p1\"><span class=\"s1\">Tutti i contatti del titolare sono riportati nella sezione &#8220;Contatti&#8221; di questo sito\u00a0<a href=\"\/?page_id=3520\"><span class=\"s3\">https:\/\/andreamiriello.com\/\/\/contatti<\/span><\/a><\/span><\/p>\n<p class=\"p1\"><strong><span class=\"s1\">FINALITA` PRINCIPALI<\/span><\/strong><\/p>\n<p class=\"p1\"><span class=\"s1\">Marketing diretto: svolgimento di attivit\u00e0 promozionali o di marketing. Rientrano in questa categoria <\/span><span class=\"s1\">tutte le attivit\u00e0 compiute per promuovere prodotti e servizi erogati dal titolare. <\/span><span class=\"s1\">Profilazione: valutare i suoi gusti, le sue preferenze ed abitudini di consumo anche correlate ad indagini di <\/span><span class=\"s1\">mercato ed analisi di tipo statistico. <\/span><span class=\"s1\">Marketing indiretto: svolgimento di attivit\u00e0 promozionali o di marketing per conto di terzi. Rientrano in questa categoria tutte le attivit\u00e0 compiute per promuovere prodotti, servizi, venduti ed erogati da soggetti terzi con i quali il titolare intrattiene rapporti giuridici senza che in questo caso vi sia comunicazione dei suoi Dati Personali. Esempio, programmi e link di affiliazione.<\/span><\/p>\n<p class=\"p1\"><strong><span class=\"s1\">MODALITA` DI TRATTAMENTO E PERIODO DI CONSERVAZIONE<\/span><\/strong><\/p>\n<p class=\"p1\"><span class=\"s1\">Il trattamento dei suoi dati personali \u00e8 realizzato per mezzo delle operazioni indicate all\u2019art. 4 Codice Privacy e all\u2019art. 4 n. 2) GDPR: raccolta, registrazione, organizzazione, conservazione, consultazione, elaborazione, modificazione, selezione, estrazione, raffronto, utilizzo, interconnessione, blocco, comunicazione, cancellazione e distruzione dei dati. I suoi dati personali sono sottoposti a trattamento sia cartaceo sia elettronico e automatizzato, mediante l\u2019uso del sito web ospitato sul server del titolare del trattamento o su siti di societ\u00e0 esterne che permettono al titolare del trattamento di offrire i suoi servizi. Il Titolare tratter\u00e0 i suoi dati personali per il tempo necessario per adempiere alle finalit\u00e0 di cui sopra e comunque per non oltre 10 anni dalla cessazione del rapporto per le finalit\u00e0 di servizio e per non oltre 2 anni dalla raccolta dei dati per le altre finalit\u00e0 (es. profilazione e attivit\u00e0 di marketing). <\/span><\/p>\n<p class=\"p1\"><strong><span class=\"s1\">REVOCA DEL CONSENSO<\/span><\/strong><\/p>\n<p class=\"p1\"><span class=\"s1\">Come previsto dal Regolamento, qualora lei abbia prestato il suo consenso al Trattamento dei suoi Dati Personali per una o pi\u00f9 finalit\u00e0 per le quali le <\/span><span class=\"s2\">\u00e8<\/span><span class=\"s1\"> stato richiesto, potr\u00e0 in qualsiasi momento revocarlo totalmente o parzialmente senza pregiudicare la liceit\u00e0 del trattamento basata sul consenso prestato prima della revoca.<\/span><\/p>\n<p class=\"p1\"><span class=\"s1\">Per revocare il suo consenso al trattamento dei suoi dati personali pu\u00f2 inviare una email o una raccomandata al titolare del trattamento dei dati, il dott. Andrea Miriello.<\/span><\/p>\n<p class=\"p1\"><strong><span class=\"s1\">DIRITTI <\/span><\/strong><\/p>\n<p class=\"p1\"><span class=\"s1\">Ogni interessato al trattamento dei propri dati potr\u00e0 conoscere quali sono i dati trattati ed esercitare i diritti relativi al loro utilizzo: diritto di accesso, rettifica, aggiornamento, integrazione, cancellazione, limitazione al trattamento, alla portabilit\u00e0, alla revoca del consenso al trattamento e di ottenere una copia dei propri dati laddove questi siano conservati in Paesi al di fuori dell\u2019Unione Europea, nonch\u00e9 di ottenere indicazione del luogo nel quale tali dati vengono conservati o trasferiti, nonch\u00e9 opporsi per motivi legittimi ad un loro particolare trattamento e comunque al loro uso a fini commerciali, in tutto o in parte anche per quanto riguarda l\u2019uso di modalit\u00e0 automatizzate rivolgendosi al dott. Andrea Miriello.<\/span><\/p>\n<p>[\/vc_column_text][\/vc_column][\/vc_row]<\/p>\n<\/div>","protected":false},"excerpt":{"rendered":"<p>[vc_row][vc_column][vc_column_text] INFORMATIVA PRIVACY ai sensi del Regolamento UE 2016\/679 Con il presente documento la informo sulle modalit\u00e0 di trattamento dei dati personali effettuato con qualsiasi modalit\u00e0 (automatizzata o manuale), nel rispetto della tutela e dei diritti riconosciuti dal Regolamento (UE) 2016\/679 (di seguito, \u201cGDPR\u201d o \u201cRegolamento\u201d) e dalle ulteriori norme applicabili in tema di protezione [&hellip;]<\/p>\n","protected":false},"author":1,"featured_media":0,"parent":0,"menu_order":0,"comment_status":"closed","ping_status":"closed","template":"","meta":{"om_disable_all_campaigns":false,"_monsterinsights_skip_tracking":false,"_monsterinsights_sitenote_active":false,"_monsterinsights_sitenote_note":"","_monsterinsights_sitenote_category":0,"_uf_show_specific_survey":0,"_uf_disable_surveys":false,"footnotes":""},"class_list":["post-3656","page","type-page","status-publish","hentry"],"aioseo_notices":[],"yoast_head":"<!-- This site is optimized with the Yoast SEO plugin v27.4 - https:\/\/yoast.com\/product\/yoast-seo-wordpress\/ -->\n<title>PRIVACY POLICY - Andrea Miriello<\/title>\n<meta name=\"robots\" content=\"index, follow, max-snippet:-1, max-image-preview:large, max-video-preview:-1\" \/>\n<link rel=\"canonical\" href=\"https:\/\/andreamiriello.com\/it\/privacy-policy\/\" \/>\n<meta property=\"og:locale\" content=\"it_IT\" \/>\n<meta property=\"og:type\" content=\"article\" \/>\n<meta property=\"og:title\" content=\"PRIVACY POLICY - Andrea Miriello\" \/>\n<meta property=\"og:description\" content=\"[vc_row][vc_column][vc_column_text] INFORMATIVA PRIVACY ai sensi del Regolamento UE 2016\/679 Con il presente documento la informo sulle modalit\u00e0 di trattamento dei dati personali effettuato con qualsiasi modalit\u00e0 (automatizzata o manuale), nel rispetto della tutela e dei diritti riconosciuti dal Regolamento (UE) 2016\/679 (di seguito, \u201cGDPR\u201d o \u201cRegolamento\u201d) e dalle ulteriori norme applicabili in tema di protezione [&hellip;]\" \/>\n<meta property=\"og:url\" content=\"https:\/\/andreamiriello.com\/it\/privacy-policy\/\" \/>\n<meta property=\"og:site_name\" content=\"Andrea Miriello\" \/>\n<meta property=\"article:modified_time\" content=\"2023-10-02T08:23:06+00:00\" \/>\n<meta name=\"twitter:card\" content=\"summary_large_image\" \/>\n<meta name=\"twitter:label1\" content=\"Tempo di lettura stimato\" \/>\n\t<meta name=\"twitter:data1\" content=\"4 minuti\" \/>\n<script type=\"application\/ld+json\" class=\"yoast-schema-graph\">{\"@context\":\"https:\\\/\\\/schema.org\",\"@graph\":[{\"@type\":\"WebPage\",\"@id\":\"https:\\\/\\\/andreamiriello.com\\\/it\\\/privacy-policy\\\/\",\"url\":\"https:\\\/\\\/andreamiriello.com\\\/it\\\/privacy-policy\\\/\",\"name\":\"PRIVACY POLICY - Andrea Miriello\",\"isPartOf\":{\"@id\":\"https:\\\/\\\/andreamiriello.com\\\/it\\\/#website\"},\"datePublished\":\"2018-09-15T03:57:09+00:00\",\"dateModified\":\"2023-10-02T08:23:06+00:00\",\"breadcrumb\":{\"@id\":\"https:\\\/\\\/andreamiriello.com\\\/it\\\/privacy-policy\\\/#breadcrumb\"},\"inLanguage\":\"it-IT\",\"potentialAction\":[{\"@type\":\"ReadAction\",\"target\":[\"https:\\\/\\\/andreamiriello.com\\\/it\\\/privacy-policy\\\/\"]}]},{\"@type\":\"BreadcrumbList\",\"@id\":\"https:\\\/\\\/andreamiriello.com\\\/it\\\/privacy-policy\\\/#breadcrumb\",\"itemListElement\":[{\"@type\":\"ListItem\",\"position\":1,\"name\":\"Home\",\"item\":\"https:\\\/\\\/andreamiriello.com\\\/it\\\/\"},{\"@type\":\"ListItem\",\"position\":2,\"name\":\"PRIVACY POLICY\"}]},{\"@type\":\"WebSite\",\"@id\":\"https:\\\/\\\/andreamiriello.com\\\/it\\\/#website\",\"url\":\"https:\\\/\\\/andreamiriello.com\\\/it\\\/\",\"name\":\"Andrea Miriello\",\"description\":\"Business Psychologist\",\"potentialAction\":[{\"@type\":\"SearchAction\",\"target\":{\"@type\":\"EntryPoint\",\"urlTemplate\":\"https:\\\/\\\/andreamiriello.com\\\/it\\\/?s={search_term_string}\"},\"query-input\":{\"@type\":\"PropertyValueSpecification\",\"valueRequired\":true,\"valueName\":\"search_term_string\"}}],\"inLanguage\":\"it-IT\"}]}<\/script>\n<!-- \/ Yoast SEO plugin. -->","yoast_head_json":{"title":"PRIVACY POLICY - Andrea Miriello","robots":{"index":"index","follow":"follow","max-snippet":"max-snippet:-1","max-image-preview":"max-image-preview:large","max-video-preview":"max-video-preview:-1"},"canonical":"https:\/\/andreamiriello.com\/it\/privacy-policy\/","og_locale":"it_IT","og_type":"article","og_title":"PRIVACY POLICY - Andrea Miriello","og_description":"[vc_row][vc_column][vc_column_text] INFORMATIVA PRIVACY ai sensi del Regolamento UE 2016\/679 Con il presente documento la informo sulle modalit\u00e0 di trattamento dei dati personali effettuato con qualsiasi modalit\u00e0 (automatizzata o manuale), nel rispetto della tutela e dei diritti riconosciuti dal Regolamento (UE) 2016\/679 (di seguito, \u201cGDPR\u201d o \u201cRegolamento\u201d) e dalle ulteriori norme applicabili in tema di protezione [&hellip;]","og_url":"https:\/\/andreamiriello.com\/it\/privacy-policy\/","og_site_name":"Andrea Miriello","article_modified_time":"2023-10-02T08:23:06+00:00","twitter_card":"summary_large_image","twitter_misc":{"Tempo di lettura stimato":"4 minuti"},"schema":{"@context":"https:\/\/schema.org","@graph":[{"@type":"WebPage","@id":"https:\/\/andreamiriello.com\/it\/privacy-policy\/","url":"https:\/\/andreamiriello.com\/it\/privacy-policy\/","name":"PRIVACY POLICY - Andrea Miriello","isPartOf":{"@id":"https:\/\/andreamiriello.com\/it\/#website"},"datePublished":"2018-09-15T03:57:09+00:00","dateModified":"2023-10-02T08:23:06+00:00","breadcrumb":{"@id":"https:\/\/andreamiriello.com\/it\/privacy-policy\/#breadcrumb"},"inLanguage":"it-IT","potentialAction":[{"@type":"ReadAction","target":["https:\/\/andreamiriello.com\/it\/privacy-policy\/"]}]},{"@type":"BreadcrumbList","@id":"https:\/\/andreamiriello.com\/it\/privacy-policy\/#breadcrumb","itemListElement":[{"@type":"ListItem","position":1,"name":"Home","item":"https:\/\/andreamiriello.com\/it\/"},{"@type":"ListItem","position":2,"name":"PRIVACY POLICY"}]},{"@type":"WebSite","@id":"https:\/\/andreamiriello.com\/it\/#website","url":"https:\/\/andreamiriello.com\/it\/","name":"Andrea Miriello","description":"Business Psychologist","potentialAction":[{"@type":"SearchAction","target":{"@type":"EntryPoint","urlTemplate":"https:\/\/andreamiriello.com\/it\/?s={search_term_string}"},"query-input":{"@type":"PropertyValueSpecification","valueRequired":true,"valueName":"search_term_string"}}],"inLanguage":"it-IT"}]}},"_links":{"self":[{"href":"https:\/\/andreamiriello.com\/it\/wp-json\/wp\/v2\/pages\/3656","targetHints":{"allow":["GET"]}}],"collection":[{"href":"https:\/\/andreamiriello.com\/it\/wp-json\/wp\/v2\/pages"}],"about":[{"href":"https:\/\/andreamiriello.com\/it\/wp-json\/wp\/v2\/types\/page"}],"author":[{"embeddable":true,"href":"https:\/\/andreamiriello.com\/it\/wp-json\/wp\/v2\/users\/1"}],"replies":[{"embeddable":true,"href":"https:\/\/andreamiriello.com\/it\/wp-json\/wp\/v2\/comments?post=3656"}],"version-history":[{"count":4,"href":"https:\/\/andreamiriello.com\/it\/wp-json\/wp\/v2\/pages\/3656\/revisions"}],"predecessor-version":[{"id":5919,"href":"https:\/\/andreamiriello.com\/it\/wp-json\/wp\/v2\/pages\/3656\/revisions\/5919"}],"wp:attachment":[{"href":"https:\/\/andreamiriello.com\/it\/wp-json\/wp\/v2\/media?parent=3656"}],"curies":[{"name":"wp","href":"https:\/\/api.w.org\/{rel}","templated":true}]}}