{"id":3298,"date":"2018-09-07T07:44:16","date_gmt":"2018-09-07T07:44:16","guid":{"rendered":"https:\/\/andreamiriello.com\/\/\/?page_id=3298"},"modified":"2019-12-09T13:03:29","modified_gmt":"2019-12-09T13:03:29","slug":"cookies","status":"publish","type":"page","link":"https:\/\/andreamiriello.com\/it\/cookies\/","title":{"rendered":"Cookies"},"content":{"rendered":"<div class=\"wpb-content-wrapper\"><p>[vc_row][vc_column][vc_column_text]<\/p>\n<p class=\"p1\"><span class=\"s1\"><b>INFORMATIVA COOKIES<\/b><\/span><\/p>\n<p class=\"p1\"><span class=\"s1\">I cookies sono piccoli file di testo che i siti visitati dall\u2019utente inviano e registrano sul suo computer o dispositivo mobile per ricordare ad esempio le azioni e le preferenze di navigazione. I cookies sono usati per eseguire autenticazioni informatiche, monitoraggio di sessioni e memorizzazione di informazioni riguardanti le attivit\u00e0 degli utenti, nonch\u00e9 per finalit\u00e0 statistiche o pubblicitarie. Nel corso della navigazione su un sito, l\u2019utente pu\u00f2 ricevere sul suo computer anche cookies di siti o di web server di terze parti. <\/span><\/p>\n<p class=\"p1\"><span class=\"s1\">Senza i cookies alcune operazioni non potrebbero essere compiute e il sito potrebbe non funzionare correttamente. I cookies permettono ai siti di ricordare alcune informazioni per permettere all\u2019utente di navigare online in modo semplice e veloce.<\/span><\/p>\n<p class=\"p1\"><span class=\"s1\"><b>Finalit\u00e0<\/b><\/span><\/p>\n<p class=\"p1\"><span class=\"s1\">Il sito web andreamiriello.com utilizza cookies e tecnologie simili per garantire il corretto funzionamento delle pagine web, per migliorare l&#8217;esperienza di navigazione degli utenti e per attivit\u00e0 di marketing. Questo sito raccoglie i dati per consentire: la corretta navigazione, la gestione di indirizzi e l\u2019invio di messaggi email, l\u2019interazione con i social networks e le piattaforme esterne, realizzare statistiche, promuovere servizi e iniziative pubblicitarie, visualizzare contenuti da piattaforme esterne, re-marketing, behavioral targeting, affiliate marketing, profilare l\u2019utente, proteggere dallo SPAM.<\/span><\/p>\n<p class=\"p1\"><span class=\"s1\"><b>Tipi di cookies<\/b><\/span><\/p>\n<p class=\"p1\"><span class=\"s1\">In questo sito puoi trovare i seguenti tipi di cookies:<\/span><\/p>\n<ul class=\"ul1\">\n<li class=\"li3\"><span class=\"s1\">i cookies tecnici che hanno lo scopo di permettere la navigazione del sito;<\/span><\/li>\n<li class=\"li3\"><span class=\"s1\">i cookies di terze parti, come Facebook, Twitter, LinkedIn, YouTube, Google, Amazon, MailChimp, AddThis per avere statistiche d\u2019uso, interagire con i social media, attivit\u00e0 di affiliate marketing o marketing in generale.<\/span><\/li>\n<\/ul>\n<p class=\"p1\"><span class=\"s1\"><b>Le vostre decisioni in materia di cookies<\/b><\/span><\/p>\n<p class=\"p1\"><span class=\"s1\">Ogni browser permette di gestire le impostazioni sui cookies, ovvero impostare le proprie preferenze o disattivare i cookies. Tuttavia, se decidete di disattivare i cookies alcune funzionalit\u00e0 di questo sito non funzioneranno correttamente.<\/span><\/p>\n<p class=\"p1\"><span class=\"s1\">Istruzioni per disattivare i cookies sul proprio browser.<\/span><\/p>\n<p class=\"p1\"><span class=\"s1\">Firefox:<\/span><\/p>\n<p class=\"p1\"><span class=\"s1\">Apri Firefox<\/span><\/p>\n<p class=\"p1\"><span class=\"s1\">Nella barra degli strumenti situata nella parte superiore del browser, seleziona \u201cStrumenti\u201d e successivamente \u201cOpzioni\u201d<\/span><\/p>\n<p class=\"p1\"><span class=\"s1\">Seleziona la scheda \u201cPrivacy\u201d<\/span><\/p>\n<p class=\"p1\"><span class=\"s1\">Vai su \u201cImpostazioni Cronologia\u201d e successivamente su \u201cUtilizza impostazioni personalizzate\u201d Deseleziona \u201cAccetta i cookie dai siti\u201d e salva le preferenze.<\/span><\/p>\n<p class=\"p1\"><span class=\"s1\">Internet Explorer:<\/span><\/p>\n<p class=\"p1\"><span class=\"s1\">Apri Internet Explorer<\/span><\/p>\n<p class=\"p1\"><span class=\"s1\">Clicca sul pulsante \u201cStrumenti\u201d e<span class=\"Apple-converted-space\">\u00a0 <\/span>successivamente \u201cOpzioni Internet\u201d<\/span><\/p>\n<p class=\"p1\"><span class=\"s1\">Seleziona la scheda \u201cPrivacy\u201d e sposta il dispositivo di scorrimento sul livello di privacy che desideri impostare <\/span><\/p>\n<p class=\"p1\"><span class=\"s1\">Quindi clicca su OK<\/span><\/p>\n<p class=\"p1\"><span class=\"s1\">Google Chrome:<\/span><\/p>\n<p class=\"p1\"><span class=\"s1\">Apri Google Chrome<\/span><\/p>\n<p class=\"p1\"><span class=\"s1\">Clicca su \u201cStrumenti\u201d<\/span><\/p>\n<p class=\"p1\"><span class=\"s1\">Seleziona \u201cImpostazioni\u201d e successivamente \u201cImpostazioni avanzate\u201d<\/span><\/p>\n<p class=\"p1\"><span class=\"s1\">Seleziona \u201cImpostazioni dei contenuti\u201d sotto la voce \u201cPrivacy\u201d<\/span><\/p>\n<p class=\"p1\"><span class=\"s1\">Nella scheda \u201cCookies\u201d deseleziona i cookies e salva le preferenze<\/span><\/p>\n<p class=\"p1\"><span class=\"s1\">Safari:<\/span><\/p>\n<p class=\"p1\"><span class=\"s1\">Apri Safari<\/span><\/p>\n<p class=\"p1\"><span class=\"s1\">Scegli \u201cPreferenze\u201d nella barra degli strumenti, seleziona il pannello \u201cSicurezza\u201d nella finestra di dialogo <\/span><\/p>\n<p class=\"p1\"><span class=\"s1\">Nella sezione \u201cAccetta cookie\u201d si pu\u00f2 specificare se e quando Safari deve salvare i cookies. <\/span><\/p>\n<p class=\"p1\"><span class=\"s1\"><b>Titolare del trattamento dei dati<\/b><\/span><\/p>\n<p class=\"p1\"><span class=\"s1\">Dr. Andrea Miriello<\/span><\/p>\n<p>[\/vc_column_text][\/vc_column][\/vc_row]<\/p>\n<\/div>","protected":false},"excerpt":{"rendered":"<p>[vc_row][vc_column][vc_column_text] INFORMATIVA COOKIES I cookies sono piccoli file di testo che i siti visitati dall\u2019utente inviano e registrano sul suo computer o dispositivo mobile per ricordare ad esempio le azioni e le preferenze di navigazione. I cookies sono usati per eseguire autenticazioni informatiche, monitoraggio di sessioni e memorizzazione di informazioni riguardanti le attivit\u00e0 degli utenti, [&hellip;]<\/p>\n","protected":false},"author":1,"featured_media":0,"parent":0,"menu_order":0,"comment_status":"closed","ping_status":"closed","template":"","meta":{"om_disable_all_campaigns":false,"_monsterinsights_skip_tracking":false,"_monsterinsights_sitenote_active":false,"_monsterinsights_sitenote_note":"","_monsterinsights_sitenote_category":0,"_uf_show_specific_survey":0,"_uf_disable_surveys":false,"footnotes":""},"class_list":["post-3298","page","type-page","status-publish","hentry"],"aioseo_notices":[],"yoast_head":"<!-- This site is optimized with the Yoast SEO plugin v27.4 - https:\/\/yoast.com\/product\/yoast-seo-wordpress\/ -->\n<title>Cookies - Andrea Miriello<\/title>\n<meta name=\"robots\" content=\"index, follow, max-snippet:-1, max-image-preview:large, max-video-preview:-1\" \/>\n<link rel=\"canonical\" href=\"https:\/\/andreamiriello.com\/it\/cookies\/\" \/>\n<meta property=\"og:locale\" content=\"it_IT\" \/>\n<meta property=\"og:type\" content=\"article\" \/>\n<meta property=\"og:title\" content=\"Cookies - Andrea Miriello\" \/>\n<meta property=\"og:description\" content=\"[vc_row][vc_column][vc_column_text] INFORMATIVA COOKIES I cookies sono piccoli file di testo che i siti visitati dall\u2019utente inviano e registrano sul suo computer o dispositivo mobile per ricordare ad esempio le azioni e le preferenze di navigazione. I cookies sono usati per eseguire autenticazioni informatiche, monitoraggio di sessioni e memorizzazione di informazioni riguardanti le attivit\u00e0 degli utenti, [&hellip;]\" \/>\n<meta property=\"og:url\" content=\"https:\/\/andreamiriello.com\/it\/cookies\/\" \/>\n<meta property=\"og:site_name\" content=\"Andrea Miriello\" \/>\n<meta property=\"article:modified_time\" content=\"2019-12-09T13:03:29+00:00\" \/>\n<meta name=\"twitter:card\" content=\"summary_large_image\" \/>\n<meta name=\"twitter:label1\" content=\"Tempo di lettura stimato\" \/>\n\t<meta name=\"twitter:data1\" content=\"2 minuti\" \/>\n<script type=\"application\/ld+json\" class=\"yoast-schema-graph\">{\"@context\":\"https:\\\/\\\/schema.org\",\"@graph\":[{\"@type\":\"WebPage\",\"@id\":\"https:\\\/\\\/andreamiriello.com\\\/it\\\/cookies\\\/\",\"url\":\"https:\\\/\\\/andreamiriello.com\\\/it\\\/cookies\\\/\",\"name\":\"Cookies - Andrea Miriello\",\"isPartOf\":{\"@id\":\"https:\\\/\\\/andreamiriello.com\\\/it\\\/#website\"},\"datePublished\":\"2018-09-07T07:44:16+00:00\",\"dateModified\":\"2019-12-09T13:03:29+00:00\",\"breadcrumb\":{\"@id\":\"https:\\\/\\\/andreamiriello.com\\\/it\\\/cookies\\\/#breadcrumb\"},\"inLanguage\":\"it-IT\",\"potentialAction\":[{\"@type\":\"ReadAction\",\"target\":[\"https:\\\/\\\/andreamiriello.com\\\/it\\\/cookies\\\/\"]}]},{\"@type\":\"BreadcrumbList\",\"@id\":\"https:\\\/\\\/andreamiriello.com\\\/it\\\/cookies\\\/#breadcrumb\",\"itemListElement\":[{\"@type\":\"ListItem\",\"position\":1,\"name\":\"Home\",\"item\":\"https:\\\/\\\/andreamiriello.com\\\/it\\\/\"},{\"@type\":\"ListItem\",\"position\":2,\"name\":\"Cookies\"}]},{\"@type\":\"WebSite\",\"@id\":\"https:\\\/\\\/andreamiriello.com\\\/it\\\/#website\",\"url\":\"https:\\\/\\\/andreamiriello.com\\\/it\\\/\",\"name\":\"Andrea Miriello\",\"description\":\"Business Psychologist\",\"potentialAction\":[{\"@type\":\"SearchAction\",\"target\":{\"@type\":\"EntryPoint\",\"urlTemplate\":\"https:\\\/\\\/andreamiriello.com\\\/it\\\/?s={search_term_string}\"},\"query-input\":{\"@type\":\"PropertyValueSpecification\",\"valueRequired\":true,\"valueName\":\"search_term_string\"}}],\"inLanguage\":\"it-IT\"}]}<\/script>\n<!-- \/ Yoast SEO plugin. -->","yoast_head_json":{"title":"Cookies - Andrea Miriello","robots":{"index":"index","follow":"follow","max-snippet":"max-snippet:-1","max-image-preview":"max-image-preview:large","max-video-preview":"max-video-preview:-1"},"canonical":"https:\/\/andreamiriello.com\/it\/cookies\/","og_locale":"it_IT","og_type":"article","og_title":"Cookies - Andrea Miriello","og_description":"[vc_row][vc_column][vc_column_text] INFORMATIVA COOKIES I cookies sono piccoli file di testo che i siti visitati dall\u2019utente inviano e registrano sul suo computer o dispositivo mobile per ricordare ad esempio le azioni e le preferenze di navigazione. I cookies sono usati per eseguire autenticazioni informatiche, monitoraggio di sessioni e memorizzazione di informazioni riguardanti le attivit\u00e0 degli utenti, [&hellip;]","og_url":"https:\/\/andreamiriello.com\/it\/cookies\/","og_site_name":"Andrea Miriello","article_modified_time":"2019-12-09T13:03:29+00:00","twitter_card":"summary_large_image","twitter_misc":{"Tempo di lettura stimato":"2 minuti"},"schema":{"@context":"https:\/\/schema.org","@graph":[{"@type":"WebPage","@id":"https:\/\/andreamiriello.com\/it\/cookies\/","url":"https:\/\/andreamiriello.com\/it\/cookies\/","name":"Cookies - Andrea Miriello","isPartOf":{"@id":"https:\/\/andreamiriello.com\/it\/#website"},"datePublished":"2018-09-07T07:44:16+00:00","dateModified":"2019-12-09T13:03:29+00:00","breadcrumb":{"@id":"https:\/\/andreamiriello.com\/it\/cookies\/#breadcrumb"},"inLanguage":"it-IT","potentialAction":[{"@type":"ReadAction","target":["https:\/\/andreamiriello.com\/it\/cookies\/"]}]},{"@type":"BreadcrumbList","@id":"https:\/\/andreamiriello.com\/it\/cookies\/#breadcrumb","itemListElement":[{"@type":"ListItem","position":1,"name":"Home","item":"https:\/\/andreamiriello.com\/it\/"},{"@type":"ListItem","position":2,"name":"Cookies"}]},{"@type":"WebSite","@id":"https:\/\/andreamiriello.com\/it\/#website","url":"https:\/\/andreamiriello.com\/it\/","name":"Andrea Miriello","description":"Business Psychologist","potentialAction":[{"@type":"SearchAction","target":{"@type":"EntryPoint","urlTemplate":"https:\/\/andreamiriello.com\/it\/?s={search_term_string}"},"query-input":{"@type":"PropertyValueSpecification","valueRequired":true,"valueName":"search_term_string"}}],"inLanguage":"it-IT"}]}},"_links":{"self":[{"href":"https:\/\/andreamiriello.com\/it\/wp-json\/wp\/v2\/pages\/3298","targetHints":{"allow":["GET"]}}],"collection":[{"href":"https:\/\/andreamiriello.com\/it\/wp-json\/wp\/v2\/pages"}],"about":[{"href":"https:\/\/andreamiriello.com\/it\/wp-json\/wp\/v2\/types\/page"}],"author":[{"embeddable":true,"href":"https:\/\/andreamiriello.com\/it\/wp-json\/wp\/v2\/users\/1"}],"replies":[{"embeddable":true,"href":"https:\/\/andreamiriello.com\/it\/wp-json\/wp\/v2\/comments?post=3298"}],"version-history":[{"count":0,"href":"https:\/\/andreamiriello.com\/it\/wp-json\/wp\/v2\/pages\/3298\/revisions"}],"wp:attachment":[{"href":"https:\/\/andreamiriello.com\/it\/wp-json\/wp\/v2\/media?parent=3298"}],"curies":[{"name":"wp","href":"https:\/\/api.w.org\/{rel}","templated":true}]}}