{"id":3294,"date":"2018-09-06T12:25:09","date_gmt":"2018-09-06T12:25:09","guid":{"rendered":"https:\/\/andreamiriello.com\/\/\/home-3\/"},"modified":"2025-09-08T06:07:38","modified_gmt":"2025-09-08T06:07:38","slug":"home-3","status":"publish","type":"page","link":"https:\/\/andreamiriello.com\/it\/","title":{"rendered":"Home"},"content":{"rendered":"<div class=\"wpb-content-wrapper\"><p>[vc_row full_width=&#8221;stretch_row&#8221; content_placement=&#8221;middle&#8221; css=&#8221;.vc_custom_1725630108924{background-image: url(https:\/\/andreamiriello.com\/wp-content\/uploads\/2024\/09\/Andrea-Miriello-home-1260-1.png?id=6168) !important;background-position: center !important;background-repeat: no-repeat !important;background-size: cover !important;}&#8221;][vc_column width=&#8221;1\/2&#8243; offset=&#8221;vc_hidden-md vc_hidden-sm vc_hidden-xs&#8221;][vc_empty_space height=&#8221;25px&#8221;][vc_column_text css=&#8221;&#8221;]<\/p>\n<div style=\"font-size: 40px;\"><span style=\"color: #ffffff; line-height: 1.7; font-weight: 600;\"> Fa crescere le persone.<br \/>\nFa crescere le aziende.<br \/>\n<\/span><\/div>\n<p>[\/vc_column_text][vc_empty_space height=&#8221;15px&#8221;][\/vc_column][vc_column width=&#8221;1\/2&#8243; el_class=&#8221;hidevcpaddinbg&#8221;][vc_single_image image=&#8221;6164&#8243; img_size=&#8221;full&#8221; css=&#8221;&#8221;][\/vc_column][\/vc_row][vc_row full_width=&#8221;stretch_row_content_no_spaces&#8221; equal_height=&#8221;yes&#8221; css=&#8221;.vc_custom_1552382870669{background-color: #f5f5f5 !important;}&#8221; el_class=&#8221;info-box-mobilefix&#8221;][vc_column width=&#8221;1\/3&#8243; el_class=&#8221;info-first-child&#8221; css=&#8221;.vc_custom_1600721589182{padding-left: 30px !important;}&#8221;]<div class=\"vc_custom_1751361362820 layout6\" style=\"\" data-color=\"\" data-hover=\"#0000aa\">\n\t<div class=\"rt-infobox-6\">\n\t\t<div class=\"rtin-info-icon\" style=\"background-color:#ffffff\">\n\t\t\t<i class=\"flaticon-sam-light-bulb-2\" aria-hidden=\"true\" style=\"\"><\/i>\n\t\t<\/div>\n\t\t<div class=\"rtin-info-content\">\n\t\t\t<h3 style=\"margin-bottom: 35px;\"><a href=\"#\">Consulenza<\/a><\/h3>\n\t\t\t<p style=\"\"><\/p>\n<p style=\"text-align: center\"><strong>Migliora la Performance e il Benessere<\/strong><br \/>\nAiuto imprenditori, manager, professionisti e team a migliorare le prestazioni in modo sostenibile. Attraverso analisi mirate, individuo punti di forza e aree di miglioramento di persone e organizzazioni. Fornisco soluzioni consulenziali su misura per supportare i miei clienti ad incrementare la produttivit\u00e0, la resilienza e ridurre lo stress.<\/p>\n<p><\/p>\n\t\t<\/div>\n\t<\/div>\n<\/div>\n<div class=\"clear\"><\/div>[vc_empty_space height=&#8221;20px&#8221;][\/vc_column][vc_column width=&#8221;1\/3&#8243; css=&#8221;.vc_custom_1505471647647{border-left-width: 1px !important;border-left-color: #d8d8d8 !important;border-left-style: solid !important;}&#8221;]<div class=\"vc_custom_1751361387384 layout6\" style=\"\" data-color=\"\" data-hover=\"#0000aa\">\n\t<div class=\"rt-infobox-6\">\n\t\t<div class=\"rtin-info-icon\" style=\"background-color:#ffffff\">\n\t\t\t<i class=\"flaticon-finance-graph\" aria-hidden=\"true\" style=\"\"><\/i>\n\t\t<\/div>\n\t\t<div class=\"rtin-info-content\">\n\t\t\t<h3 style=\"margin-bottom: 35px;\"><a href=\"#\">Formazione<\/a><\/h3>\n\t\t\t<p style=\"\"><\/p>\n<p style=\"text-align: center\"><strong>Sviluppa le Competenze per Performare<\/strong><br \/>\nFormazione interattiva sulle soft skills, ovvero comunicazione, gestione dello stress, leadership, gestione del tempo, lavoro di squadra e risoluzione dei conflitti. Competenze trasversali per lavorare in maniera efficiente, collaborare meglio e raggiungere gli obiettivi sotto pressione. Approccio scientifico, pratico e personalizzato.<\/p>\n<p><\/p>\n\t\t<\/div>\n\t<\/div>\n<\/div>\n<div class=\"clear\"><\/div>[vc_empty_space height=&#8221;20px&#8221;][\/vc_column][vc_column width=&#8221;1\/3&#8243; css=&#8221;.vc_custom_1505473198453{border-left-width: 1px !important;border-left-color: #d8d8d8 !important;border-left-style: solid !important;}&#8221; el_class=&#8221;info-last-child&#8221;]<div class=\"vc_custom_1751364585032 layout6\" style=\"\" data-color=\"\" data-hover=\"#0000aa\">\n\t<div class=\"rt-infobox-6\">\n\t\t<div class=\"rtin-info-icon\" style=\"background-color:#ffffff\">\n\t\t\t<i class=\"flaticon-custom-target\" aria-hidden=\"true\" style=\"\"><\/i>\n\t\t<\/div>\n\t\t<div class=\"rtin-info-content\">\n\t\t\t<h3 style=\"margin-bottom: 35px;\"><a href=\"#\">Coaching<\/a><\/h3>\n\t\t\t<p style=\"\"><\/p>\n<p style=\"text-align: center\"><strong>Raggiungi gli Obiettivi di Crescita<\/strong><br \/>\nCoaching per dirigenti, manager, imprenditori, team e professionisti. Focus su definizione degli obiettivi, aumento della performance, leadership, decisioni strategiche e resilienza. Ideale per leader che vogliono crescere e ottenere risultati, senza compromettere la propria salute e quella dei propri collaboratori.<\/p>\n<p><\/p>\n\t\t<\/div>\n\t<\/div>\n<\/div>\n<div class=\"clear\"><\/div>[vc_empty_space height=&#8221;20px&#8221;][\/vc_column][\/vc_row][vc_row full_width=&#8221;stretch_row&#8221; parallax=&#8221;content-moving&#8221; parallax_image=&#8221;4925&#8243; css=&#8221;.vc_custom_1600457473923{padding-top: 60px !important;padding-bottom: 100px !important;}&#8221; el_class=&#8221;opacity&#8221;][vc_column][vc_column_text css=&#8221;&#8221; el_class=&#8221;banner-text&#8221;]<\/p>\n<div style=\"font-size: 30px; text-align: center; margin-bottom: 15px;\"><span style=\"color: #ffffff; line-height: 1.4; font-weight: 600;\">Ottieni pi\u00f9 risultati, con meno stress.<br \/>\n<\/span><\/div>\n<p>[\/vc_column_text][\/vc_column][\/vc_row][vc_row full_width=&#8221;stretch_row&#8221; css=&#8221;.vc_custom_1695819102322{padding-top: 0px !important;padding-bottom: 40px !important;background-color: #f5f5f5 !important;}&#8221; el_id=&#8221;sec-about&#8221;][vc_column][vc_column_text css=&#8221;&#8221;]<strong>Aiuto organizzazioni, imprenditori, manager e professionisti ad aumentare la produttivit\u00e0 e le prestazioni senza compromettere il benessere al lavoro.<\/strong><\/p>\n<p>Pensi sia possibile aumentare la produttivit\u00e0 tutelando al contempo la salute delle persone?<\/p>\n<p>Non solo \u00e8 possibile, ma \u00e8 essenziale per il successo a lungo termine.<\/p>\n<p>Aumentare la produttivit\u00e0 a costo del burnout, dello stress cronico e della demotivazione \u00e8 controproducente. Le perdite superano i guadagni, non \u00e8 sostenibile a lungo termine.<\/p>\n<p>Come psicologo del lavoro e delle organizzazioni, aiuto leader, professionisti e team a migliorare le performance in modo sano e sostenibile.<\/p>\n<p>Ti supporto in queste attivit\u00e0:<\/p>\n<ul>\n<li>Definire obiettivi chiari e raggiungibili<\/li>\n<li>Ottimizzare l\u2019organizzazione del lavoro e la gestione del tempo<\/li>\n<li>Sviluppare competenze trasversali (soft skills), quali ad esempio la leadership, la comunicazione e l\u2019intelligenza emotiva<\/li>\n<\/ul>\n<p>Migliorando le strategie aziendali, l\u2019organizzazione del lavoro e le competenze, puoi aumentare la performance e ridurre lo stress allo stesso tempo.<\/p>\n<p>Lavoriamo insieme per aumentare la \u201cproduttivit\u00e0 sana\u201d e sentirti davvero realizzato.<\/p>\n<p><a href=\"https:\/\/andreamiriello.com\/it\/contatti\/\">Contattami<\/a> per maggiori informazioni.[\/vc_column_text][vc_empty_space height=&#8221;30px&#8221;][\/vc_column][\/vc_row][vc_row full_width=&#8221;stretch_row&#8221; parallax=&#8221;content-moving&#8221; parallax_image=&#8221;4930&#8243; css=&#8221;.vc_custom_1575892093438{padding-top: 60px !important;padding-bottom: 100px !important;}&#8221; el_class=&#8221;opacity&#8221;][vc_column][vc_column_text css=&#8221;&#8221; el_class=&#8221;banner-text&#8221;]<\/p>\n<div style=\"font-size: 30px; text-align: center; margin-bottom: 15px;\"><span style=\"color: #ffffff; line-height: 1.4; font-weight: 600;\"> Sviluppa, motiva e mantieni le persone di talento.<\/span><\/div>\n<p>[\/vc_column_text][\/vc_column][\/vc_row][vc_row full_width=&#8221;stretch_row&#8221; css=&#8221;.vc_custom_1575956896057{padding-top: 0px !important;padding-bottom: 0px !important;background-color: #f5f5f5 !important;}&#8221; el_class=&#8221;business-psychology&#8221;][vc_column]\n<div class=\"media rt-info-text  layout1\" style=\"\" data-color=\"\" data-hover=\"#0000aa\" data-title-color=\"#222222\" data-title-hover=\"\">\n    <div class=\"pull-left rounded\" style=\"\">\n                    <i class=\"flaticon-custom-target\" aria-hidden=\"true\" style=\"\"><\/i>\n            <\/div>\n    <div class=\"media-body\">\n        <h3 class=\"media-heading\" style=\"color:#222222\"><\/h3>\n        <div style=\"\"><strong>Soluzioni su misura, scientifiche e pratiche, per aumentare performance e produttivit\u00e0 senza sacrificare la salute.<\/strong><\/p>\n<p>Promuovo prestazioni sostenibili per organizzazioni, leader e professionisti attraverso i seguenti servizi:<\/p>\n<ul>\n<li>Consulenza\u2014soluzioni pratiche per migliorare la performance, l\u2019engagement e ridurre lo stress<\/li>\n<li>Formazione\u2014workshop sulle competenze cognitive e comportamentali, dette anche soft skills, per aumentare produttivit\u00e0, motivazione e benessere al lavoro<\/li>\n<li>Coaching\u2014sessioni individuali o in piccoli gruppi, per leader, team e professionisti che vogliono performare al meglio, senza esaurirsi<\/li>\n<\/ul>\n<p>Vuoi migliorare i risultati al lavoro in modo sostenibile e salutare?<\/p>\n<p><a href=\"https:\/\/andreamiriello.com\/it\/contatti\/\">Contattami<\/a> per maggiori informazioni o per fissare un colloquio conoscitivo.<\/div>\n    <\/div>\n    <div class=\"clear\"><\/div>\n<\/div>[vc_empty_space height=&#8221;30px&#8221;][\/vc_column][\/vc_row][vc_row full_width=&#8221;stretch_row&#8221; parallax=&#8221;content-moving&#8221; parallax_image=&#8221;4928&#8243; css=&#8221;.vc_custom_1575892742999{padding-top: 60px !important;padding-bottom: 100px !important;}&#8221;][vc_column][vc_column_text css=&#8221;&#8221; el_class=&#8221;banner-text&#8221;]<\/p>\n<div style=\"font-size: 30px; text-align: center; margin-bottom: 15px;\"><span style=\"color: #fff; line-height: 1.4; font-weight: 600;\">Lavora meglio. Vivi meglio.<br \/>\n<\/span><\/div>\n<p>[\/vc_column_text][\/vc_column][\/vc_row][vc_row css=&#8221;.vc_custom_1757311652163{padding-top: 55px !important;padding-bottom: 90px !important;}&#8221;][vc_column]<div class=\"rt-post-vc-section-2 owl-wrap rt-owl-nav-1  slider-nav-enabled\">\t\r\n\t<div class=\"section-title-content row\">     \r\n\t\t\t\t\t<div class=\"section-title\">\r\n\t\t\t<h2 class=\"section-title-holder\" style=\"color:#222222;\">Blog<\/h2>\r\n\t\t\t<\/div>\r\n\t\t\t<div class=\"clear\"><\/div>\r\n\t\t\t<\/div>\r\n\t<div class=\"owl-theme owl-carousel rt-owl-carousel row\" data-carousel-options=\"{&quot;nav&quot;:true,&quot;navText&quot;:[&quot;&lt;i class=&#039;fa fa-angle-left&#039;&gt;&lt;\\\/i&gt;&quot;,&quot;&lt;i class=&#039;fa fa-angle-right&#039;&gt;&lt;\\\/i&gt;&quot;],&quot;dots&quot;:true,&quot;autoplay&quot;:true,&quot;autoplayTimeout&quot;:&quot;5000&quot;,&quot;autoplaySpeed&quot;:&quot;200&quot;,&quot;autoplayHoverPause&quot;:true,&quot;loop&quot;:true,&quot;margin&quot;:20,&quot;responsive&quot;:{&quot;0&quot;:{&quot;items&quot;:1},&quot;480&quot;:{&quot;items&quot;:2},&quot;768&quot;:{&quot;items&quot;:2},&quot;992&quot;:{&quot;items&quot;:3},&quot;1200&quot;:{&quot;items&quot;:3}}}\">\r\n\t\t\t\t\t\t\t\t\t<div class=\"rtin-single-post\">\r\n\t\t\t\t<div class=\"rtin-item-image\">\r\n\t\t\t\t\t<a href=\"https:\/\/andreamiriello.com\/it\/lavoratore-autonomo-o-dipendente-come-scegliere-il-percorso-giusto-per-te\/\">\r\n\t\t\t\t\t\t<img loading=\"lazy\" decoding=\"async\" width=\"570\" height=\"355\" src=\"https:\/\/andreamiriello.com\/wp-content\/uploads\/2024\/12\/woman-687560_1920-570x355.jpg\" class=\"attachment-rdtheme-size7 size-rdtheme-size7 wp-post-image\" alt=\"lavoratore autonomo o dipendente\" \/>\t\t\t\t\t<\/a>\t\t\t\t\t\r\n\t\t\t\t\t\t\t\t\t<\/div>\r\n\t\t\t\t<div class=\"rtin-item-info\">\r\n\t\t\t\t\t<h3><a href=\"https:\/\/andreamiriello.com\/it\/lavoratore-autonomo-o-dipendente-come-scegliere-il-percorso-giusto-per-te\/\">Lavoratore autonomo o Dipendente? Come Scegliere il Percorso Giusto per Te.<\/a><\/h3>\r\n\t\t\t\t\tSe stai valutando quale strada intraprendere nella tua carriera, probabilmente ti stai chiedendo: meglio essere&hellip;\t\t\t\t<\/div>\r\n\t\t\t<\/div>\t\t\t\r\n\t\t\t\t\t\t\t\t<div class=\"rtin-single-post\">\r\n\t\t\t\t<div class=\"rtin-item-image\">\r\n\t\t\t\t\t<a href=\"https:\/\/andreamiriello.com\/it\/come-cambiare-carriera-a-30-40-o-50-anni\/\">\r\n\t\t\t\t\t\t<img loading=\"lazy\" decoding=\"async\" width=\"570\" height=\"355\" src=\"https:\/\/andreamiriello.com\/wp-content\/uploads\/2024\/12\/uomo-cerca-lavoro-570x355.jpg\" class=\"attachment-rdtheme-size7 size-rdtheme-size7 wp-post-image\" alt=\"cambiare carriera\" \/>\t\t\t\t\t<\/a>\t\t\t\t\t\r\n\t\t\t\t\t\t\t\t\t<\/div>\r\n\t\t\t\t<div class=\"rtin-item-info\">\r\n\t\t\t\t\t<h3><a href=\"https:\/\/andreamiriello.com\/it\/come-cambiare-carriera-a-30-40-o-50-anni\/\">Come Cambiare Carriera a 30, 40 o 50 Anni<\/a><\/h3>\r\n\t\t\t\t\tNella mia esperienza da consulente di carriera e career coach ho aiutato numerose persone, non&hellip;\t\t\t\t<\/div>\r\n\t\t\t<\/div>\t\t\t\r\n\t\t\t\t\t\t\t\t<div class=\"rtin-single-post\">\r\n\t\t\t\t<div class=\"rtin-item-image\">\r\n\t\t\t\t\t<a href=\"https:\/\/andreamiriello.com\/it\/comunicazione-efficace-per-leader\/\">\r\n\t\t\t\t\t\t<img loading=\"lazy\" decoding=\"async\" width=\"570\" height=\"355\" src=\"https:\/\/andreamiriello.com\/wp-content\/uploads\/2024\/05\/businesswoman-8676522_1280-570x355.jpg\" class=\"attachment-rdtheme-size7 size-rdtheme-size7 wp-post-image\" alt=\"Communication skills for leaders\" \/>\t\t\t\t\t<\/a>\t\t\t\t\t\r\n\t\t\t\t\t\t\t\t\t<\/div>\r\n\t\t\t\t<div class=\"rtin-item-info\">\r\n\t\t\t\t\t<h3><a href=\"https:\/\/andreamiriello.com\/it\/comunicazione-efficace-per-leader\/\">Comunicazione Efficace per Leader<\/a><\/h3>\r\n\t\t\t\t\tPerch\u00e9 la comunicazione \u00e8 importante per i leader? La leadership \u00e8 il processo attraverso il&hellip;\t\t\t\t<\/div>\r\n\t\t\t<\/div>\t\t\t\r\n\t\t\t\t\t\t\t\t<div class=\"rtin-single-post\">\r\n\t\t\t\t<div class=\"rtin-item-image\">\r\n\t\t\t\t\t<a href=\"https:\/\/andreamiriello.com\/it\/come-gestire-lo-stress-la-tecnica-delle-4-a\/\">\r\n\t\t\t\t\t\t<img loading=\"lazy\" decoding=\"async\" width=\"570\" height=\"355\" src=\"https:\/\/andreamiriello.com\/wp-content\/uploads\/2024\/03\/stress-management-570x355.jpg\" class=\"attachment-rdtheme-size7 size-rdtheme-size7 wp-post-image\" alt=\"stress management\" \/>\t\t\t\t\t<\/a>\t\t\t\t\t\r\n\t\t\t\t\t\t\t\t\t<\/div>\r\n\t\t\t\t<div class=\"rtin-item-info\">\r\n\t\t\t\t\t<h3><a href=\"https:\/\/andreamiriello.com\/it\/come-gestire-lo-stress-la-tecnica-delle-4-a\/\">Come Gestire lo Stress: La Tecnica delle 4 A<\/a><\/h3>\r\n\t\t\t\t\tNel nostro mondo frenetico e in continua trasformazione, lo stress rappresenta un fattore critico per&hellip;\t\t\t\t<\/div>\r\n\t\t\t<\/div>\t\t\t\r\n\t\t\t\t\t<\/div>\r\n<\/div>[\/vc_column][\/vc_row]<\/p>\n<\/div>","protected":false},"excerpt":{"rendered":"<p>[vc_row full_width=&#8221;stretch_row&#8221; content_placement=&#8221;middle&#8221; css=&#8221;.vc_custom_1725630108924{background-image: url(https:\/\/andreamiriello.com\/wp-content\/uploads\/2024\/09\/Andrea-Miriello-home-1260-1.png?id=6168) !important;background-position: center !important;background-repeat: no-repeat !important;background-size: cover !important;}&#8221;][vc_column width=&#8221;1\/2&#8243; offset=&#8221;vc_hidden-md vc_hidden-sm vc_hidden-xs&#8221;][vc_empty_space height=&#8221;25px&#8221;][vc_column_text css=&#8221;&#8221;] Fa crescere le persone. Fa crescere le aziende. [\/vc_column_text][vc_empty_space height=&#8221;15px&#8221;][\/vc_column][vc_column width=&#8221;1\/2&#8243; el_class=&#8221;hidevcpaddinbg&#8221;][vc_single_image image=&#8221;6164&#8243; img_size=&#8221;full&#8221; css=&#8221;&#8221;][\/vc_column][\/vc_row][vc_row full_width=&#8221;stretch_row_content_no_spaces&#8221; equal_height=&#8221;yes&#8221; css=&#8221;.vc_custom_1552382870669{background-color: #f5f5f5 !important;}&#8221; el_class=&#8221;info-box-mobilefix&#8221;][vc_column width=&#8221;1\/3&#8243; el_class=&#8221;info-first-child&#8221; css=&#8221;.vc_custom_1600721589182{padding-left: 30px !important;}&#8221;][vc_empty_space height=&#8221;20px&#8221;][\/vc_column][vc_column width=&#8221;1\/3&#8243; css=&#8221;.vc_custom_1505471647647{border-left-width: 1px !important;border-left-color: #d8d8d8 !important;border-left-style: solid !important;}&#8221;][vc_empty_space height=&#8221;20px&#8221;][\/vc_column][vc_column width=&#8221;1\/3&#8243; [&hellip;]<\/p>\n","protected":false},"author":1,"featured_media":0,"parent":0,"menu_order":0,"comment_status":"closed","ping_status":"closed","template":"","meta":{"om_disable_all_campaigns":false,"_monsterinsights_skip_tracking":false,"_monsterinsights_sitenote_active":false,"_monsterinsights_sitenote_note":"","_monsterinsights_sitenote_category":0,"_uf_show_specific_survey":0,"_uf_disable_surveys":false,"footnotes":""},"class_list":["post-3294","page","type-page","status-publish","hentry"],"aioseo_notices":[],"yoast_head":"<!-- This site is optimized with the Yoast SEO plugin v27.4 - https:\/\/yoast.com\/product\/yoast-seo-wordpress\/ -->\n<title>Home - Andrea Miriello - Psicologo del lavoro<\/title>\n<meta name=\"description\" content=\"Psicologo del lavoro e delle organizzazioni per migliorare performance e gestione dello stress. Consulenza, formazione sulle soft skills e coaching.\" \/>\n<meta name=\"robots\" content=\"index, follow, max-snippet:-1, max-image-preview:large, max-video-preview:-1\" \/>\n<link rel=\"canonical\" href=\"https:\/\/andreamiriello.com\/it\/\" \/>\n<meta property=\"og:locale\" content=\"it_IT\" \/>\n<meta property=\"og:type\" content=\"article\" \/>\n<meta property=\"og:title\" content=\"Home - Andrea Miriello - Psicologo del lavoro\" \/>\n<meta property=\"og:description\" content=\"Psicologo del lavoro e delle organizzazioni per migliorare performance e gestione dello stress. Consulenza, formazione sulle soft skills e coaching.\" \/>\n<meta property=\"og:url\" content=\"https:\/\/andreamiriello.com\/it\/\" \/>\n<meta property=\"og:site_name\" content=\"Andrea Miriello\" \/>\n<meta property=\"article:modified_time\" content=\"2025-09-08T06:07:38+00:00\" \/>\n<meta name=\"twitter:card\" content=\"summary_large_image\" \/>\n<meta name=\"twitter:label1\" content=\"Tempo di lettura stimato\" \/>\n\t<meta name=\"twitter:data1\" content=\"4 minuti\" \/>\n<script type=\"application\/ld+json\" class=\"yoast-schema-graph\">{\"@context\":\"https:\\\/\\\/schema.org\",\"@graph\":[{\"@type\":\"WebPage\",\"@id\":\"https:\\\/\\\/andreamiriello.com\\\/it\\\/\",\"url\":\"https:\\\/\\\/andreamiriello.com\\\/it\\\/\",\"name\":\"Home - Andrea Miriello - Psicologo del lavoro\",\"isPartOf\":{\"@id\":\"https:\\\/\\\/andreamiriello.com\\\/it\\\/#website\"},\"datePublished\":\"2018-09-06T12:25:09+00:00\",\"dateModified\":\"2025-09-08T06:07:38+00:00\",\"description\":\"Psicologo del lavoro e delle organizzazioni per migliorare performance e gestione dello stress. Consulenza, formazione sulle soft skills e coaching.\",\"breadcrumb\":{\"@id\":\"https:\\\/\\\/andreamiriello.com\\\/it\\\/#breadcrumb\"},\"inLanguage\":\"it-IT\",\"potentialAction\":[{\"@type\":\"ReadAction\",\"target\":[\"https:\\\/\\\/andreamiriello.com\\\/it\\\/\"]}]},{\"@type\":\"BreadcrumbList\",\"@id\":\"https:\\\/\\\/andreamiriello.com\\\/it\\\/#breadcrumb\",\"itemListElement\":[{\"@type\":\"ListItem\",\"position\":1,\"name\":\"Home\",\"item\":\"https:\\\/\\\/andreamiriello.com\\\/it\\\/\"},{\"@type\":\"ListItem\",\"position\":2,\"name\":\"Home\"}]},{\"@type\":\"WebSite\",\"@id\":\"https:\\\/\\\/andreamiriello.com\\\/it\\\/#website\",\"url\":\"https:\\\/\\\/andreamiriello.com\\\/it\\\/\",\"name\":\"Andrea Miriello\",\"description\":\"Business Psychologist\",\"potentialAction\":[{\"@type\":\"SearchAction\",\"target\":{\"@type\":\"EntryPoint\",\"urlTemplate\":\"https:\\\/\\\/andreamiriello.com\\\/it\\\/?s={search_term_string}\"},\"query-input\":{\"@type\":\"PropertyValueSpecification\",\"valueRequired\":true,\"valueName\":\"search_term_string\"}}],\"inLanguage\":\"it-IT\"}]}<\/script>\n<!-- \/ Yoast SEO plugin. -->","yoast_head_json":{"title":"Home - Andrea Miriello - Psicologo del lavoro","description":"Psicologo del lavoro e delle organizzazioni per migliorare performance e gestione dello stress. Consulenza, formazione sulle soft skills e coaching.","robots":{"index":"index","follow":"follow","max-snippet":"max-snippet:-1","max-image-preview":"max-image-preview:large","max-video-preview":"max-video-preview:-1"},"canonical":"https:\/\/andreamiriello.com\/it\/","og_locale":"it_IT","og_type":"article","og_title":"Home - Andrea Miriello - Psicologo del lavoro","og_description":"Psicologo del lavoro e delle organizzazioni per migliorare performance e gestione dello stress. Consulenza, formazione sulle soft skills e coaching.","og_url":"https:\/\/andreamiriello.com\/it\/","og_site_name":"Andrea Miriello","article_modified_time":"2025-09-08T06:07:38+00:00","twitter_card":"summary_large_image","twitter_misc":{"Tempo di lettura stimato":"4 minuti"},"schema":{"@context":"https:\/\/schema.org","@graph":[{"@type":"WebPage","@id":"https:\/\/andreamiriello.com\/it\/","url":"https:\/\/andreamiriello.com\/it\/","name":"Home - Andrea Miriello - Psicologo del lavoro","isPartOf":{"@id":"https:\/\/andreamiriello.com\/it\/#website"},"datePublished":"2018-09-06T12:25:09+00:00","dateModified":"2025-09-08T06:07:38+00:00","description":"Psicologo del lavoro e delle organizzazioni per migliorare performance e gestione dello stress. Consulenza, formazione sulle soft skills e coaching.","breadcrumb":{"@id":"https:\/\/andreamiriello.com\/it\/#breadcrumb"},"inLanguage":"it-IT","potentialAction":[{"@type":"ReadAction","target":["https:\/\/andreamiriello.com\/it\/"]}]},{"@type":"BreadcrumbList","@id":"https:\/\/andreamiriello.com\/it\/#breadcrumb","itemListElement":[{"@type":"ListItem","position":1,"name":"Home","item":"https:\/\/andreamiriello.com\/it\/"},{"@type":"ListItem","position":2,"name":"Home"}]},{"@type":"WebSite","@id":"https:\/\/andreamiriello.com\/it\/#website","url":"https:\/\/andreamiriello.com\/it\/","name":"Andrea Miriello","description":"Business Psychologist","potentialAction":[{"@type":"SearchAction","target":{"@type":"EntryPoint","urlTemplate":"https:\/\/andreamiriello.com\/it\/?s={search_term_string}"},"query-input":{"@type":"PropertyValueSpecification","valueRequired":true,"valueName":"search_term_string"}}],"inLanguage":"it-IT"}]}},"_links":{"self":[{"href":"https:\/\/andreamiriello.com\/it\/wp-json\/wp\/v2\/pages\/3294","targetHints":{"allow":["GET"]}}],"collection":[{"href":"https:\/\/andreamiriello.com\/it\/wp-json\/wp\/v2\/pages"}],"about":[{"href":"https:\/\/andreamiriello.com\/it\/wp-json\/wp\/v2\/types\/page"}],"author":[{"embeddable":true,"href":"https:\/\/andreamiriello.com\/it\/wp-json\/wp\/v2\/users\/1"}],"replies":[{"embeddable":true,"href":"https:\/\/andreamiriello.com\/it\/wp-json\/wp\/v2\/comments?post=3294"}],"version-history":[{"count":63,"href":"https:\/\/andreamiriello.com\/it\/wp-json\/wp\/v2\/pages\/3294\/revisions"}],"predecessor-version":[{"id":6804,"href":"https:\/\/andreamiriello.com\/it\/wp-json\/wp\/v2\/pages\/3294\/revisions\/6804"}],"wp:attachment":[{"href":"https:\/\/andreamiriello.com\/it\/wp-json\/wp\/v2\/media?parent=3294"}],"curies":[{"name":"wp","href":"https:\/\/api.w.org\/{rel}","templated":true}]}}